{"id":4440,"date":"2025-06-07T21:56:31","date_gmt":"2025-06-07T19:56:31","guid":{"rendered":"https:\/\/miniprojets.net\/?page_id=4440"},"modified":"2025-06-07T21:56:31","modified_gmt":"2025-06-07T19:56:31","slug":"notice-flashage-mise-a-jour-winky-diy-software-version-experimentation","status":"publish","type":"page","link":"https:\/\/miniprojets.net\/index.php\/notice-flashage-mise-a-jour-winky-diy-software-version-experimentation\/","title":{"rendered":"Notice flashage\/mise \u00e0 jour Winky DIY (software version exp\u00e9rimentation)"},"content":{"rendered":"\n<p>T\u00e9l\u00e9charger le logiciel \u00e0 l\u2019adresse suivante\u00a0: <a href=\"https:\/\/gricad-gitlab.univ-grenoble-alpes.fr\/ferrarij\/winky\/-\/tree\/main\/WinKy_Programmation\/Flash_WemosD1mini?ref_type=heads\">https:\/\/gricad-gitlab.univ-grenoble-alpes.fr\/ferrarij\/winky\/-\/tree\/main\/WinKy_Programmation\/Flash_WemosD1mini?ref_type=heads<\/a><\/p>\n\n\n\n<p>Cliquer sur le bouton <\/p>\n\n\n\n<figure class=\"wp-block-image size-full\"><img loading=\"lazy\" decoding=\"async\" width=\"138\" height=\"88\" src=\"https:\/\/miniprojets.net\/wp-content\/uploads\/2025\/06\/image-10.png\" alt=\"\" class=\"wp-image-4441\"\/><\/figure>\n\n\n\n<p>Choisir <\/p>\n\n\n\n<figure class=\"wp-block-image size-full\"><img loading=\"lazy\" decoding=\"async\" width=\"558\" height=\"109\" src=\"https:\/\/miniprojets.net\/wp-content\/uploads\/2025\/06\/image-11.png\" alt=\"\" class=\"wp-image-4442\" srcset=\"https:\/\/miniprojets.net\/wp-content\/uploads\/2025\/06\/image-11.png 558w, https:\/\/miniprojets.net\/wp-content\/uploads\/2025\/06\/image-11-300x59.png 300w\" sizes=\"auto, (max-width: 558px) 100vw, 558px\" \/><\/figure>\n\n\n\n<p>Dezipper le fichier<\/p>\n\n\n\n<p>Puis aller dans le dossier jusqu\u2019\u00e0 tomber sur les 4 fichiers <\/p>\n\n\n\n<figure class=\"wp-block-image size-full\"><img loading=\"lazy\" decoding=\"async\" width=\"945\" height=\"146\" src=\"https:\/\/miniprojets.net\/wp-content\/uploads\/2025\/06\/image-12.png\" alt=\"\" class=\"wp-image-4443\" srcset=\"https:\/\/miniprojets.net\/wp-content\/uploads\/2025\/06\/image-12.png 945w, https:\/\/miniprojets.net\/wp-content\/uploads\/2025\/06\/image-12-300x46.png 300w, https:\/\/miniprojets.net\/wp-content\/uploads\/2025\/06\/image-12-768x119.png 768w\" sizes=\"auto, (max-width: 945px) 100vw, 945px\" \/><\/figure>\n\n\n\n<p>Connecter le Winky en USB \u00e0 l\u2019ordinateur<\/p>\n\n\n\n<figure class=\"wp-block-image size-full\"><img loading=\"lazy\" decoding=\"async\" width=\"381\" height=\"314\" src=\"https:\/\/miniprojets.net\/wp-content\/uploads\/2025\/06\/image-13.png\" alt=\"\" class=\"wp-image-4444\" srcset=\"https:\/\/miniprojets.net\/wp-content\/uploads\/2025\/06\/image-13.png 381w, https:\/\/miniprojets.net\/wp-content\/uploads\/2025\/06\/image-13-300x247.png 300w\" sizes=\"auto, (max-width: 381px) 100vw, 381px\" \/><\/figure>\n\n\n\n<ul class=\"wp-block-list\">\n<li>Double cliquer sur FlashESP8266.exe <\/li>\n\n\n\n<li>Choisir le port COM correspondant au winky\u00a0 et le fichier d\u00e9nomm\u00e9 Winky_OneForAll_V56_ESP8266_Wemos.ino.d1_mini.bin<\/li>\n<\/ul>\n\n\n\n<figure class=\"wp-block-image size-full\"><img loading=\"lazy\" decoding=\"async\" width=\"615\" height=\"318\" src=\"https:\/\/miniprojets.net\/wp-content\/uploads\/2025\/06\/image-14.png\" alt=\"\" class=\"wp-image-4445\" srcset=\"https:\/\/miniprojets.net\/wp-content\/uploads\/2025\/06\/image-14.png 615w, https:\/\/miniprojets.net\/wp-content\/uploads\/2025\/06\/image-14-300x155.png 300w\" sizes=\"auto, (max-width: 615px) 100vw, 615px\" \/><\/figure>\n\n\n\n<ul class=\"wp-block-list\">\n<li>Cliquer sur Flash<\/li>\n\n\n\n<li>Une fenetre s\u2019ouvre et au bout de quelque secondes, il y a un pourcentage qui apparait, cela veux dire qu\u2019il est en train de flasher<\/li>\n<\/ul>\n\n\n\n<figure class=\"wp-block-image size-full\"><img loading=\"lazy\" decoding=\"async\" width=\"945\" height=\"490\" src=\"https:\/\/miniprojets.net\/wp-content\/uploads\/2025\/06\/image-15.png\" alt=\"\" class=\"wp-image-4446\" srcset=\"https:\/\/miniprojets.net\/wp-content\/uploads\/2025\/06\/image-15.png 945w, https:\/\/miniprojets.net\/wp-content\/uploads\/2025\/06\/image-15-300x156.png 300w, https:\/\/miniprojets.net\/wp-content\/uploads\/2025\/06\/image-15-768x398.png 768w\" sizes=\"auto, (max-width: 945px) 100vw, 945px\" \/><\/figure>\n\n\n\n<p>A la fin, il affichera <\/p>\n\n\n\n<figure class=\"wp-block-image size-full\"><img loading=\"lazy\" decoding=\"async\" width=\"125\" height=\"133\" src=\"https:\/\/miniprojets.net\/wp-content\/uploads\/2025\/06\/image-16.png\" alt=\"\" class=\"wp-image-4447\"\/><\/figure>\n\n\n\n<p>Cliquez sur OK et c\u2019est tout bon.<\/p>\n","protected":false},"excerpt":{"rendered":"<p>T\u00e9l\u00e9charger le logiciel \u00e0 l\u2019adresse suivante\u00a0: https:\/\/gricad-gitlab.univ-grenoble-alpes.fr\/ferrarij\/winky\/-\/tree\/main\/WinKy_Programmation\/Flash_WemosD1mini?ref_type=heads Cliquer sur le bouton Choisir Dezipper le fichier Puis aller dans le dossier&hellip;<\/p>\n","protected":false},"author":1,"featured_media":0,"parent":0,"menu_order":0,"comment_status":"closed","ping_status":"closed","template":"","meta":{"footnotes":""},"class_list":["post-4440","page","type-page","status-publish","hentry"],"_links":{"self":[{"href":"https:\/\/miniprojets.net\/index.php\/wp-json\/wp\/v2\/pages\/4440","targetHints":{"allow":["GET"]}}],"collection":[{"href":"https:\/\/miniprojets.net\/index.php\/wp-json\/wp\/v2\/pages"}],"about":[{"href":"https:\/\/miniprojets.net\/index.php\/wp-json\/wp\/v2\/types\/page"}],"author":[{"embeddable":true,"href":"https:\/\/miniprojets.net\/index.php\/wp-json\/wp\/v2\/users\/1"}],"replies":[{"embeddable":true,"href":"https:\/\/miniprojets.net\/index.php\/wp-json\/wp\/v2\/comments?post=4440"}],"version-history":[{"count":1,"href":"https:\/\/miniprojets.net\/index.php\/wp-json\/wp\/v2\/pages\/4440\/revisions"}],"predecessor-version":[{"id":4448,"href":"https:\/\/miniprojets.net\/index.php\/wp-json\/wp\/v2\/pages\/4440\/revisions\/4448"}],"wp:attachment":[{"href":"https:\/\/miniprojets.net\/index.php\/wp-json\/wp\/v2\/media?parent=4440"}],"curies":[{"name":"wp","href":"https:\/\/api.w.org\/{rel}","templated":true}]}}