{"id":4426,"date":"2025-06-07T21:50:37","date_gmt":"2025-06-07T19:50:37","guid":{"rendered":"https:\/\/miniprojets.net\/?page_id=4426"},"modified":"2025-06-07T21:50:37","modified_gmt":"2025-06-07T19:50:37","slug":"configuration-du-winky-diy","status":"publish","type":"page","link":"https:\/\/miniprojets.net\/index.php\/configuration-du-winky-diy\/","title":{"rendered":"Configuration du Winky DIY"},"content":{"rendered":"\n<p>Mettre le switch qui se situe en dessous de l\u2019USB vers la gauche (mode hotspot)<\/p>\n\n\n\n<figure class=\"wp-block-image size-full\"><img loading=\"lazy\" decoding=\"async\" width=\"325\" height=\"402\" src=\"https:\/\/miniprojets.net\/wp-content\/uploads\/2025\/06\/image-1.png\" alt=\"\" class=\"wp-image-4427\" srcset=\"https:\/\/miniprojets.net\/wp-content\/uploads\/2025\/06\/image-1.png 325w, https:\/\/miniprojets.net\/wp-content\/uploads\/2025\/06\/image-1-243x300.png 243w\" sizes=\"auto, (max-width: 325px) 100vw, 325px\" \/><\/figure>\n\n\n\n<p>Et le switch de devant vers la droite \u00e9galement<\/p>\n\n\n\n<figure class=\"wp-block-image size-full\"><img loading=\"lazy\" decoding=\"async\" width=\"383\" height=\"262\" src=\"https:\/\/miniprojets.net\/wp-content\/uploads\/2025\/06\/image-2.png\" alt=\"\" class=\"wp-image-4428\" srcset=\"https:\/\/miniprojets.net\/wp-content\/uploads\/2025\/06\/image-2.png 383w, https:\/\/miniprojets.net\/wp-content\/uploads\/2025\/06\/image-2-300x205.png 300w\" sizes=\"auto, (max-width: 383px) 100vw, 383px\" \/><\/figure>\n\n\n\n<p>Puis brancher le winky sur l\u2019USB de l\u2019ordinateur<\/p>\n\n\n\n<p>Au bout d\u2019une dizaine de seconde le Winky va clignoter et un r\u00e9seau wifi nomm\u00e9 \u00ab&nbsp;XKY&nbsp;\u00bb apparait<\/p>\n\n\n\n<figure class=\"wp-block-image size-full\"><img loading=\"lazy\" decoding=\"async\" width=\"559\" height=\"228\" src=\"https:\/\/miniprojets.net\/wp-content\/uploads\/2025\/06\/image-3.png\" alt=\"\" class=\"wp-image-4429\" srcset=\"https:\/\/miniprojets.net\/wp-content\/uploads\/2025\/06\/image-3.png 559w, https:\/\/miniprojets.net\/wp-content\/uploads\/2025\/06\/image-3-300x122.png 300w\" sizes=\"auto, (max-width: 559px) 100vw, 559px\" \/><\/figure>\n\n\n\n<p>Il faut se connecter dessus avec le mot de passe \u00ab&nbsp;oneforall&nbsp;\u00bb<\/p>\n\n\n\n<p>Une fois connect\u00e9, il faut ouvrir un navigateur web et aller sur l\u2019adresse 192.168.4.1<\/p>\n\n\n\n<figure class=\"wp-block-image size-full\"><img loading=\"lazy\" decoding=\"async\" width=\"582\" height=\"420\" src=\"https:\/\/miniprojets.net\/wp-content\/uploads\/2025\/06\/image-4.png\" alt=\"\" class=\"wp-image-4430\" srcset=\"https:\/\/miniprojets.net\/wp-content\/uploads\/2025\/06\/image-4.png 582w, https:\/\/miniprojets.net\/wp-content\/uploads\/2025\/06\/image-4-300x216.png 300w\" sizes=\"auto, (max-width: 582px) 100vw, 582px\" \/><\/figure>\n\n\n\n<p>Sur la page, il faut renseigner le ssid du wifi, son mot de passe ainsi que le mode de la tic du linky.<\/p>\n\n\n\n<p>Pour connaitre le mode de votre Linky, vous devez aller au niveau de votre Linky et appuyer plusieurs fois sur le bouton + jusqu&#8217;\u00e0 arriver \u00e0 l&#8217;option Mode TIC comme sur la photo qui montre ici \u00e0 gauche un Linky en mode historique et \u00e0 droite un Linky en mode Standard<\/p>\n\n\n\n<figure class=\"wp-block-image size-full\"><img loading=\"lazy\" decoding=\"async\" width=\"889\" height=\"469\" src=\"https:\/\/miniprojets.net\/wp-content\/uploads\/2025\/06\/image-5.png\" alt=\"\" class=\"wp-image-4431\" srcset=\"https:\/\/miniprojets.net\/wp-content\/uploads\/2025\/06\/image-5.png 889w, https:\/\/miniprojets.net\/wp-content\/uploads\/2025\/06\/image-5-300x158.png 300w, https:\/\/miniprojets.net\/wp-content\/uploads\/2025\/06\/image-5-768x405.png 768w\" sizes=\"auto, (max-width: 889px) 100vw, 889px\" \/><\/figure>\n\n\n\n<p>Maintenant que tout est renseigner, il faut cliquer sur enregistrer<\/p>\n\n\n\n<p>La prochaine \u00e9tape consiste \u00e0 configurer le lien vers le serveur influxdb, pour cela, il faut cliquer sur le bouton <\/p>\n\n\n\n<figure class=\"wp-block-image size-full\"><img loading=\"lazy\" decoding=\"async\" width=\"225\" height=\"63\" src=\"https:\/\/miniprojets.net\/wp-content\/uploads\/2025\/06\/image-6.png\" alt=\"\" class=\"wp-image-4432\"\/><\/figure>\n\n\n\n<p>Sur cette page, il faut renseigner les informations envoy\u00e9es par mail<\/p>\n\n\n\n<figure class=\"wp-block-image size-full\"><img loading=\"lazy\" decoding=\"async\" width=\"944\" height=\"355\" src=\"https:\/\/miniprojets.net\/wp-content\/uploads\/2025\/06\/image-7.png\" alt=\"\" class=\"wp-image-4433\" srcset=\"https:\/\/miniprojets.net\/wp-content\/uploads\/2025\/06\/image-7.png 944w, https:\/\/miniprojets.net\/wp-content\/uploads\/2025\/06\/image-7-300x113.png 300w, https:\/\/miniprojets.net\/wp-content\/uploads\/2025\/06\/image-7-768x289.png 768w\" sizes=\"auto, (max-width: 944px) 100vw, 944px\" \/><\/figure>\n\n\n\n<p>Puis cliquer sur enregistrer<\/p>\n\n\n\n<p>Maintenant le winky est configurer nous pouvons le d\u00e9brancher et mettre les switchs dans les les positions exploitations c\u2019est-\u00e0-dire vers la gauche<\/p>\n\n\n\n<figure class=\"wp-block-image size-full\"><img loading=\"lazy\" decoding=\"async\" width=\"538\" height=\"300\" src=\"https:\/\/miniprojets.net\/wp-content\/uploads\/2025\/06\/image-8.png\" alt=\"\" class=\"wp-image-4434\" srcset=\"https:\/\/miniprojets.net\/wp-content\/uploads\/2025\/06\/image-8.png 538w, https:\/\/miniprojets.net\/wp-content\/uploads\/2025\/06\/image-8-300x167.png 300w\" sizes=\"auto, (max-width: 538px) 100vw, 538px\" \/><\/figure>\n\n\n\n<figure class=\"wp-block-image size-full\"><img loading=\"lazy\" decoding=\"async\" width=\"348\" height=\"403\" src=\"https:\/\/miniprojets.net\/wp-content\/uploads\/2025\/06\/image-9.png\" alt=\"\" class=\"wp-image-4435\" srcset=\"https:\/\/miniprojets.net\/wp-content\/uploads\/2025\/06\/image-9.png 348w, https:\/\/miniprojets.net\/wp-content\/uploads\/2025\/06\/image-9-259x300.png 259w\" sizes=\"auto, (max-width: 348px) 100vw, 348px\" \/><\/figure>\n\n\n\n<p>Vous pouvez maintenant brancher le Winky sur le Linky<\/p>\n","protected":false},"excerpt":{"rendered":"<p>Mettre le switch qui se situe en dessous de l\u2019USB vers la gauche (mode hotspot) Et le switch de devant&hellip;<\/p>\n","protected":false},"author":1,"featured_media":0,"parent":0,"menu_order":0,"comment_status":"closed","ping_status":"closed","template":"","meta":{"footnotes":""},"class_list":["post-4426","page","type-page","status-publish","hentry"],"_links":{"self":[{"href":"https:\/\/miniprojets.net\/index.php\/wp-json\/wp\/v2\/pages\/4426","targetHints":{"allow":["GET"]}}],"collection":[{"href":"https:\/\/miniprojets.net\/index.php\/wp-json\/wp\/v2\/pages"}],"about":[{"href":"https:\/\/miniprojets.net\/index.php\/wp-json\/wp\/v2\/types\/page"}],"author":[{"embeddable":true,"href":"https:\/\/miniprojets.net\/index.php\/wp-json\/wp\/v2\/users\/1"}],"replies":[{"embeddable":true,"href":"https:\/\/miniprojets.net\/index.php\/wp-json\/wp\/v2\/comments?post=4426"}],"version-history":[{"count":1,"href":"https:\/\/miniprojets.net\/index.php\/wp-json\/wp\/v2\/pages\/4426\/revisions"}],"predecessor-version":[{"id":4436,"href":"https:\/\/miniprojets.net\/index.php\/wp-json\/wp\/v2\/pages\/4426\/revisions\/4436"}],"wp:attachment":[{"href":"https:\/\/miniprojets.net\/index.php\/wp-json\/wp\/v2\/media?parent=4426"}],"curies":[{"name":"wp","href":"https:\/\/api.w.org\/{rel}","templated":true}]}}