{"id":4283,"date":"2025-05-23T11:47:00","date_gmt":"2025-05-23T09:47:00","guid":{"rendered":"https:\/\/miniprojets.net\/?page_id=4283"},"modified":"2026-02-21T11:54:15","modified_gmt":"2026-02-21T10:54:15","slug":"tutorial-configuration-du-winky-grand-public-software-version-experimentation","status":"publish","type":"page","link":"https:\/\/miniprojets.net\/index.php\/tutorial-configuration-du-winky-grand-public-software-version-experimentation\/","title":{"rendered":"Configuration (Logiciel version G2Elab)"},"content":{"rendered":"\n<p><strong>Etapes de configuration du Winky<\/strong><\/p>\n\n\n\n<ol class=\"wp-block-list\">\n<li>Branchez en USB votre Winky (soit sur un ordinateur soit sur un chargeur de t\u00e9l\u00e9phone) et attendez que les 2 lumi\u00e8res soient vertes. Le temps d\u2019attente est d\u2019environ 1 \u00e0 2 min pour la premi\u00e8re utilisation.<\/li>\n<\/ol>\n\n\n\n<figure class=\"wp-block-image size-full\"><img loading=\"lazy\" decoding=\"async\" width=\"374\" height=\"498\" src=\"https:\/\/miniprojets.net\/wp-content\/uploads\/2026\/02\/image-1.png\" alt=\"\" class=\"wp-image-4693\" srcset=\"https:\/\/miniprojets.net\/wp-content\/uploads\/2026\/02\/image-1.png 374w, https:\/\/miniprojets.net\/wp-content\/uploads\/2026\/02\/image-1-225x300.png 225w\" sizes=\"auto, (max-width: 374px) 100vw, 374px\" \/><\/figure>\n\n\n\n<ul class=\"wp-block-list\">\n<li>Un r\u00e9seau XKY doit apparaitre<\/li>\n<\/ul>\n\n\n\n<figure class=\"wp-block-image size-full\"><img loading=\"lazy\" decoding=\"async\" width=\"561\" height=\"279\" src=\"https:\/\/miniprojets.net\/wp-content\/uploads\/2026\/02\/image-2.png\" alt=\"\" class=\"wp-image-4694\" srcset=\"https:\/\/miniprojets.net\/wp-content\/uploads\/2026\/02\/image-2.png 561w, https:\/\/miniprojets.net\/wp-content\/uploads\/2026\/02\/image-2-300x149.png 300w\" sizes=\"auto, (max-width: 561px) 100vw, 561px\" \/><\/figure>\n\n\n\n<ul class=\"wp-block-list\">\n<li>Connectez vous dessus avec le mot de passe\u00a0: oneforall<\/li>\n\n\n\n<li>Une page internet doit se lancer automatiquement. Si cela n\u2019est pas le cas vous avez deux options\u00a0:<\/li>\n\n\n\n<li>La premi\u00e8re toujours au niveau de la connexion wifi, cliquez sur Ouvrir le navigateur et se connecter<\/li>\n<\/ul>\n\n\n\n<figure class=\"wp-block-image size-full\"><img loading=\"lazy\" decoding=\"async\" width=\"561\" height=\"297\" src=\"https:\/\/miniprojets.net\/wp-content\/uploads\/2026\/02\/image-3.png\" alt=\"\" class=\"wp-image-4695\" srcset=\"https:\/\/miniprojets.net\/wp-content\/uploads\/2026\/02\/image-3.png 561w, https:\/\/miniprojets.net\/wp-content\/uploads\/2026\/02\/image-3-300x159.png 300w\" sizes=\"auto, (max-width: 561px) 100vw, 561px\" \/><\/figure>\n\n\n\n<ul class=\"wp-block-list\">\n<li>Ou ouvrez votre navigateur internet (firefox, edge, chrome,\u2026) et tapez dans la barre de navigation http:\/\/192.168.4.1<\/li>\n<\/ul>\n\n\n\n<figure class=\"wp-block-image size-full\"><img loading=\"lazy\" decoding=\"async\" width=\"453\" height=\"48\" src=\"https:\/\/miniprojets.net\/wp-content\/uploads\/2026\/02\/image-4.png\" alt=\"\" class=\"wp-image-4696\" srcset=\"https:\/\/miniprojets.net\/wp-content\/uploads\/2026\/02\/image-4.png 453w, https:\/\/miniprojets.net\/wp-content\/uploads\/2026\/02\/image-4-300x32.png 300w\" sizes=\"auto, (max-width: 453px) 100vw, 453px\" \/><\/figure>\n\n\n\n<ul class=\"wp-block-list\">\n<li>Vous arrivez sur la page suivante<\/li>\n<\/ul>\n\n\n\n<figure class=\"wp-block-image size-full\"><img loading=\"lazy\" decoding=\"async\" width=\"945\" height=\"337\" src=\"https:\/\/miniprojets.net\/wp-content\/uploads\/2026\/02\/image-5.png\" alt=\"\" class=\"wp-image-4697\" srcset=\"https:\/\/miniprojets.net\/wp-content\/uploads\/2026\/02\/image-5.png 945w, https:\/\/miniprojets.net\/wp-content\/uploads\/2026\/02\/image-5-300x107.png 300w, https:\/\/miniprojets.net\/wp-content\/uploads\/2026\/02\/image-5-768x274.png 768w\" sizes=\"auto, (max-width: 945px) 100vw, 945px\" \/><\/figure>\n\n\n\n<ul class=\"wp-block-list\">\n<li>Cliquez sur PAGE DE CONFIGURATION. Le site va alors vous demander un nom d\u2019utilisateur et un mot de passe.<\/li>\n<\/ul>\n\n\n\n<p>Mettez pour le nom d\u2019utilisateur admin et pour le mot de passe&nbsp;: oneforall puis cliquez sur connexion<\/p>\n\n\n\n<figure class=\"wp-block-image size-full\"><img loading=\"lazy\" decoding=\"async\" width=\"531\" height=\"441\" src=\"https:\/\/miniprojets.net\/wp-content\/uploads\/2026\/02\/image-6.png\" alt=\"\" class=\"wp-image-4698\" srcset=\"https:\/\/miniprojets.net\/wp-content\/uploads\/2026\/02\/image-6.png 531w, https:\/\/miniprojets.net\/wp-content\/uploads\/2026\/02\/image-6-300x249.png 300w\" sizes=\"auto, (max-width: 531px) 100vw, 531px\" \/><\/figure>\n\n\n\n<ul class=\"wp-block-list\">\n<li>Vous arrivez sur la page suivante\u00a0:<\/li>\n<\/ul>\n\n\n\n<figure class=\"wp-block-image size-full\"><img loading=\"lazy\" decoding=\"async\" width=\"759\" height=\"784\" src=\"https:\/\/miniprojets.net\/wp-content\/uploads\/2026\/02\/image-7.png\" alt=\"\" class=\"wp-image-4699\" srcset=\"https:\/\/miniprojets.net\/wp-content\/uploads\/2026\/02\/image-7.png 759w, https:\/\/miniprojets.net\/wp-content\/uploads\/2026\/02\/image-7-290x300.png 290w\" sizes=\"auto, (max-width: 759px) 100vw, 759px\" \/><\/figure>\n\n\n\n<ol class=\"wp-block-list\">\n<li>Il ne reste plus qu\u2019\u00e0 mettre vos identifiants wifi et \u00e0 renseigner la configuration de la TIC de votre Linky.<\/li>\n<\/ol>\n\n\n\n<p>Pour connaitre le mode de votre Linky, vous devez aller au niveau de votre Linky et appuyer plusieurs fois sur le bouton + jusqu&#8217;\u00e0 arriver \u00e0 l&#8217;option Mode TIC comme sur la photo qui montre ici \u00e0 gauche un Linky en mode historique et \u00e0 droite un Linky en mode Standard.<\/p>\n\n\n\n<p>(Un mode de d\u00e9termination automatique est disponible sur le Winky mais il est exp\u00e9rimental pour le moment)<\/p>\n\n\n\n<figure class=\"wp-block-image size-full\"><img loading=\"lazy\" decoding=\"async\" width=\"789\" height=\"417\" src=\"https:\/\/miniprojets.net\/wp-content\/uploads\/2026\/02\/image-8.png\" alt=\"\" class=\"wp-image-4700\" srcset=\"https:\/\/miniprojets.net\/wp-content\/uploads\/2026\/02\/image-8.png 789w, https:\/\/miniprojets.net\/wp-content\/uploads\/2026\/02\/image-8-300x159.png 300w, https:\/\/miniprojets.net\/wp-content\/uploads\/2026\/02\/image-8-768x406.png 768w\" sizes=\"auto, (max-width: 789px) 100vw, 789px\" \/><\/figure>\n\n\n\n<ol class=\"wp-block-list\">\n<li>Il ne reste plus qu\u2019\u00e0 cliquer sur le bouton Enregistrer les modifications et votre Winky va red\u00e9marrer.<\/li>\n<\/ol>\n\n\n\n<figure class=\"wp-block-image size-full\"><img loading=\"lazy\" decoding=\"async\" width=\"541\" height=\"239\" src=\"https:\/\/miniprojets.net\/wp-content\/uploads\/2026\/02\/image-9.png\" alt=\"\" class=\"wp-image-4701\" srcset=\"https:\/\/miniprojets.net\/wp-content\/uploads\/2026\/02\/image-9.png 541w, https:\/\/miniprojets.net\/wp-content\/uploads\/2026\/02\/image-9-300x133.png 300w\" sizes=\"auto, (max-width: 541px) 100vw, 541px\" \/><\/figure>\n\n\n\n<ol class=\"wp-block-list\">\n<li>\u00a0Une fois les 2 lumi\u00e8res vertes de nouveau allum\u00e9es vous pouvez alors d\u00e9brancher votre Winky de l\u2019USB et le brancher sur votre compteur Linky<\/li>\n<\/ol>\n\n\n\n<p><strong>Installation du Winky sur le Linky pour Linky Monophas\u00e9<\/strong><\/p>\n\n\n\n<ol class=\"wp-block-list\">\n<li>La premi\u00e8re \u00e9tape consiste \u00e0 ouvrir le boitier de votre Linky. Il suffit de tirer sur le capot de couleur car cette partie est non plomb\u00e9e par ENEDIS et donc accessible l\u00e9galement. Vous avez un emplacement vide en bas \u00e0 droite avec marqu\u00e9 I1 I2 A<\/li>\n<\/ol>\n\n\n\n<figure class=\"wp-block-image size-full\"><img loading=\"lazy\" decoding=\"async\" width=\"593\" height=\"401\" src=\"https:\/\/miniprojets.net\/wp-content\/uploads\/2026\/02\/image-10.png\" alt=\"\" class=\"wp-image-4702\" srcset=\"https:\/\/miniprojets.net\/wp-content\/uploads\/2026\/02\/image-10.png 593w, https:\/\/miniprojets.net\/wp-content\/uploads\/2026\/02\/image-10-300x203.png 300w\" sizes=\"auto, (max-width: 593px) 100vw, 593px\" \/><\/figure>\n\n\n\n<ol class=\"wp-block-list\">\n<li>Maintenant, rep\u00e9rez le bouton qui se situe juste au-dessus de cet emplacement. En fonction du fabricant du compteur Linky plusieurs variations peuvent exister.<img loading=\"lazy\" decoding=\"async\" width=\"533\" height=\"249\" src=\"\" alt=\"https:\/\/miniprojets.net\/wp-content\/uploads\/2023\/10\/linkybouton.png\"><\/li>\n\n\n\n<li>Maintenant, en m\u00eame temps que vous pressez sur ce bouton, veuillez ins\u00e9rer \u00e0 fond les 3 broches du Winky dans les trous I1 I2 et A. Il se peut que pour certains fabricants l&#8217;insertion force un peu, cela est normal car le m\u00e9canisme permet d&#8217;\u00e9viter que les objets connect\u00e9s sur la prise TIC ne tombent avec le temps.<\/li>\n<\/ol>\n\n\n\n<figure class=\"wp-block-image size-full\"><img loading=\"lazy\" decoding=\"async\" width=\"632\" height=\"292\" src=\"https:\/\/miniprojets.net\/wp-content\/uploads\/2026\/02\/image-11.png\" alt=\"\" class=\"wp-image-4703\" srcset=\"https:\/\/miniprojets.net\/wp-content\/uploads\/2026\/02\/image-11.png 632w, https:\/\/miniprojets.net\/wp-content\/uploads\/2026\/02\/image-11-300x139.png 300w\" sizes=\"auto, (max-width: 632px) 100vw, 632px\" \/><\/figure>\n\n\n\n<ol class=\"wp-block-list\">\n<li>Maintenant, attendez quelques instants que les lumi\u00e8res s&#8217;allument. Une fois allum\u00e9es, vous pouvez maintenant de nouveau fermer votre Linky.<\/li>\n<\/ol>\n\n\n\n<figure class=\"wp-block-image size-full\"><img loading=\"lazy\" decoding=\"async\" width=\"742\" height=\"491\" src=\"https:\/\/miniprojets.net\/wp-content\/uploads\/2026\/02\/image-12.png\" alt=\"\" class=\"wp-image-4704\" srcset=\"https:\/\/miniprojets.net\/wp-content\/uploads\/2026\/02\/image-12.png 742w, https:\/\/miniprojets.net\/wp-content\/uploads\/2026\/02\/image-12-300x199.png 300w\" sizes=\"auto, (max-width: 742px) 100vw, 742px\" \/><\/figure>\n\n\n\n<ol class=\"wp-block-list\">\n<li>Voil\u00e0, maintenant tout est en place et vous pouvez profiter des donn\u00e9es qui remontent.<\/li>\n<\/ol>\n\n\n\n<figure class=\"wp-block-image size-full\"><img loading=\"lazy\" decoding=\"async\" width=\"761\" height=\"469\" src=\"https:\/\/miniprojets.net\/wp-content\/uploads\/2026\/02\/image-13.png\" alt=\"\" class=\"wp-image-4705\" srcset=\"https:\/\/miniprojets.net\/wp-content\/uploads\/2026\/02\/image-13.png 761w, https:\/\/miniprojets.net\/wp-content\/uploads\/2026\/02\/image-13-300x185.png 300w\" sizes=\"auto, (max-width: 761px) 100vw, 761px\" \/><\/figure>\n\n\n\n<p><strong>Acc\u00e8s \u00e0 vos donn\u00e9es<\/strong><\/p>\n\n\n\n<ol class=\"wp-block-list\">\n<li>Pour avoir acc\u00e8s \u00e0 votre interface, il suffit de vous rendre sur le site web<\/li>\n\n\n\n<li>\u00a0<a href=\"https:\/\/grafana-ote.univ-grenoble-alpes.fr\">https:\/\/grafana-ote.univ-grenoble-alpes.fr<\/a> et de rentrer les identifiants qui vont ont \u00e9t\u00e9 fournis par mail<\/li>\n<\/ol>\n\n\n\n<figure class=\"wp-block-image size-full\"><img loading=\"lazy\" decoding=\"async\" width=\"938\" height=\"339\" src=\"https:\/\/miniprojets.net\/wp-content\/uploads\/2026\/02\/image-14.png\" alt=\"\" class=\"wp-image-4706\" srcset=\"https:\/\/miniprojets.net\/wp-content\/uploads\/2026\/02\/image-14.png 938w, https:\/\/miniprojets.net\/wp-content\/uploads\/2026\/02\/image-14-300x108.png 300w, https:\/\/miniprojets.net\/wp-content\/uploads\/2026\/02\/image-14-768x278.png 768w\" sizes=\"auto, (max-width: 938px) 100vw, 938px\" \/><\/figure>\n\n\n\n<p><strong>Pour aller plus loin<\/strong><\/p>\n\n\n\n<ul class=\"wp-block-list\">\n<li>Si vous souhaitez aller plus loin ou que vous rencontrez des difficult\u00e9s, vous pouvez vous rendre sur le forum <a href=\"https:\/\/miniprojets.net\/index.php\/forum\/\">https:\/\/miniprojets.net\/index.php\/forum\/<\/a> ou contacter J\u00e9r\u00f4me ou la Team XKY \u00e0 cette adresse mail xky.messages@miniprojets.net<\/li>\n<\/ul>\n","protected":false},"excerpt":{"rendered":"<p>Etapes de configuration du Winky Mettez pour le nom d\u2019utilisateur admin et pour le mot de passe&nbsp;: oneforall puis cliquez&hellip;<\/p>\n","protected":false},"author":1,"featured_media":0,"parent":0,"menu_order":0,"comment_status":"closed","ping_status":"closed","template":"","meta":{"footnotes":""},"class_list":["post-4283","page","type-page","status-publish","hentry"],"_links":{"self":[{"href":"https:\/\/miniprojets.net\/index.php\/wp-json\/wp\/v2\/pages\/4283","targetHints":{"allow":["GET"]}}],"collection":[{"href":"https:\/\/miniprojets.net\/index.php\/wp-json\/wp\/v2\/pages"}],"about":[{"href":"https:\/\/miniprojets.net\/index.php\/wp-json\/wp\/v2\/types\/page"}],"author":[{"embeddable":true,"href":"https:\/\/miniprojets.net\/index.php\/wp-json\/wp\/v2\/users\/1"}],"replies":[{"embeddable":true,"href":"https:\/\/miniprojets.net\/index.php\/wp-json\/wp\/v2\/comments?post=4283"}],"version-history":[{"count":5,"href":"https:\/\/miniprojets.net\/index.php\/wp-json\/wp\/v2\/pages\/4283\/revisions"}],"predecessor-version":[{"id":4740,"href":"https:\/\/miniprojets.net\/index.php\/wp-json\/wp\/v2\/pages\/4283\/revisions\/4740"}],"wp:attachment":[{"href":"https:\/\/miniprojets.net\/index.php\/wp-json\/wp\/v2\/media?parent=4283"}],"curies":[{"name":"wp","href":"https:\/\/api.w.org\/{rel}","templated":true}]}}