{"id":4258,"date":"2025-05-23T10:20:30","date_gmt":"2025-05-23T08:20:30","guid":{"rendered":"https:\/\/miniprojets.net\/?page_id=4258"},"modified":"2025-05-23T10:23:30","modified_gmt":"2025-05-23T08:23:30","slug":"tutorial-configuration-du-winky-esp8266","status":"publish","type":"page","link":"https:\/\/miniprojets.net\/index.php\/tutorial-configuration-du-winky-esp8266\/","title":{"rendered":"Tutorial configuration du Winky ESP8266 (software version exp\u00e9rimentation)"},"content":{"rendered":"\n<p>Ce topic est l\u00e0 pour expliquer comment configurer votre Winky en modifiant ses variables internes.<\/p>\n\n\n\n<p><strong>Partie 1 : Comment brancher l\u2019ESP8266 pour le mettre en HotSpot<br><\/strong><\/p>\n\n\n\n<p>La premi\u00e8re manipulation consiste \u00e0 sortir le Winky de son boitier, pour cela, il suffit d\u2019ouvrir le boitier plastique<\/p>\n\n\n\n<figure class=\"wp-block-image\"><img decoding=\"async\" src=\"https:\/\/miniprojets.net\/wp-content\/uploads\/2023\/10\/Winky1-1.jpg\" alt=\"\"\/><\/figure>\n\n\n\n<p>Puis de sortir la partie \u00e9lectronique.<\/p>\n\n\n\n<figure class=\"wp-block-image\"><img decoding=\"async\" src=\"https:\/\/miniprojets.net\/wp-content\/uploads\/2023\/10\/Winky2-scaled.jpg\" alt=\"\"\/><\/figure>\n\n\n\n<p>Maintenant, il faut enlever la carte supportant l\u2019ESP8266 de la partie basse qui g\u00e8re la puissance et la mise en forme des signaux.<\/p>\n\n\n\n<figure class=\"wp-block-image\"><img decoding=\"async\" src=\"https:\/\/miniprojets.net\/wp-content\/uploads\/2023\/10\/Winky3-scaled.jpg\" alt=\"\"\/><\/figure>\n\n\n\n<p>Pour information, si vous avez le mod\u00e8le avec une antenne externe (comme la photo ci-dessus), vous pouvez la laisser branch\u00e9e sur l\u2019ESP8266 (Sur les photos suivantes, je l\u2019ai enlev\u00e9e afin de voir les d\u00e9tails)<\/p>\n\n\n\n<p>Maintenant, il faut brancher l\u2019ESP8266 sur l\u2019adaptateur de la fa\u00e7on suivante<\/p>\n\n\n\n<figure class=\"wp-block-image\"><img decoding=\"async\" src=\"https:\/\/miniprojets.net\/wp-content\/uploads\/2023\/10\/Winky4-scaled.jpg\" alt=\"\"\/><\/figure>\n\n\n\n<p>Puis v\u00e9rifiez que le jumper du FTDI est bien sur 3.3V (normalement \u00e0 gauche comme sur la photo)<\/p>\n\n\n\n<figure class=\"wp-block-image\"><img decoding=\"async\" src=\"https:\/\/miniprojets.net\/wp-content\/uploads\/2023\/10\/WinkyFTDI.jpg\" alt=\"\"\/><\/figure>\n\n\n\n<p>Puis il faut brancher l&#8217;adaptateur et le FTDI ensemble<\/p>\n\n\n\n<figure class=\"wp-block-image\"><img decoding=\"async\" src=\"https:\/\/miniprojets.net\/wp-content\/uploads\/2023\/10\/20231004_112245-scaled.jpg\" alt=\"\"\/><\/figure>\n\n\n\n<p>Il faut branchez ensuite un cable Mini USB vers USB<\/p>\n\n\n\n<figure class=\"wp-block-image\"><img decoding=\"async\" src=\"https:\/\/miniprojets.net\/wp-content\/uploads\/2023\/10\/20231004_112303-scaled.jpg\" alt=\"\"\/><\/figure>\n\n\n\n<p><strong>Partie 2: Mise \u00e0 jour des donn\u00e9es internes du Winky<\/strong><\/p>\n\n\n\n<p>Il faut d\u00e9brancher puis rebrancher l\u2019usb sans appuyer sur le bouton afin de mettre le Winky en mode HotSpot<\/p>\n\n\n\n<figure class=\"wp-block-image\"><img decoding=\"async\" src=\"https:\/\/miniprojets.net\/wp-content\/uploads\/2023\/10\/Annotation-2023-10-15-142459.jpg\" alt=\"\"\/><\/figure>\n\n\n\n<p>Si tout est ok, un nouveau r\u00e9seau wifi nomm\u00e9 XKY va apparaitre<\/p>\n\n\n\n<figure class=\"wp-block-image\"><img decoding=\"async\" src=\"https:\/\/miniprojets.net\/wp-content\/uploads\/2023\/10\/Winky7.png\" alt=\"\"\/><\/figure>\n\n\n\n<p>Il faut maintenant se connecter au r\u00e9seau wifi XKY avec le mot de passe oneforall<\/p>\n\n\n\n<p>Une fois cela fait, il faudra aller sur un navigateur web et tapez l\u2019adresse 192.168.4.1<\/p>\n\n\n\n<figure class=\"wp-block-image\"><img decoding=\"async\" src=\"https:\/\/miniprojets.net\/wp-content\/uploads\/2023\/10\/Configuration1.jpg\" alt=\"\"\/><\/figure>\n\n\n\n<p>Si c&#8217;est votre premi\u00e8re configuration vous devriez arriver sur une page vierge<\/p>\n\n\n\n<p>(A noter que pour les personnes ayant re\u00e7u leur Winky via l&#8217;\u00e9tude XKY de l&#8217;Observatoire de la Transition Energ\u00e9tique, certaines choses sont d\u00e9j\u00e0 pr\u00e9remplie)<\/p>\n\n\n\n<ol class=\"wp-block-list\">\n<li><strong>Configuration Principale<\/strong><\/li>\n<\/ol>\n\n\n\n<figure class=\"wp-block-image\"><img decoding=\"async\" src=\"https:\/\/miniprojets.net\/wp-content\/uploads\/2023\/10\/Configuration2.jpg\" alt=\"\"\/><\/figure>\n\n\n\n<p>Cette premi\u00e8re page permet de configurer l&#8217;environnement de votre Winky<\/p>\n\n\n\n<p>La premi\u00e8re chose \u00e0 remplir est le SSID (nom du r\u00e9seau wifi auquel vous voulez vous connecter) et le mot de passe de celui-ci<\/p>\n\n\n\n<p>Ensuite vous devez choisir le mode de communication TIC (vous avez le choix entre Standard ou Historique)<\/p>\n\n\n\n<figure class=\"wp-block-image\"><img decoding=\"async\" src=\"https:\/\/miniprojets.net\/wp-content\/uploads\/2023\/10\/Configuration3.jpg\" alt=\"\"\/><\/figure>\n\n\n\n<p>Pour connaitre le mode de votre linky, vous devez aller au niveau de votre Linky et appuyer plusieurs fois sur le bouton + jusqu&#8217;\u00e0 arriver \u00e0 l&#8217;option Mode TIC comme sur la photo qui montre ici \u00e0 gauche un Linky en mode historique et \u00e0 droite un linky en mode Standard<\/p>\n\n\n\n<figure class=\"wp-block-image\"><img decoding=\"async\" src=\"https:\/\/miniprojets.net\/wp-content\/uploads\/2023\/10\/linkymode.png\" alt=\"\"\/><\/figure>\n\n\n\n<p>Une fois cela fais, vous pouvez maintenant renseigner l&#8217;abonnement actuel de votre Linky<\/p>\n\n\n\n<figure class=\"wp-block-image\"><img decoding=\"async\" src=\"https:\/\/miniprojets.net\/wp-content\/uploads\/2023\/10\/Configuration4.jpg\" alt=\"\"\/><\/figure>\n\n\n\n<p>Pour v\u00e9rifier cela, vous pouvez faire la m\u00eame m\u00e9thode que pour chercher le mode de votre linky. Sur la photo nous avons donc un linky avec un abonnement Tempo<\/p>\n\n\n\n<figure class=\"wp-block-image\"><img decoding=\"async\" src=\"https:\/\/miniprojets.net\/wp-content\/uploads\/2023\/10\/20231015_153315-scaled.jpg\" alt=\"\"\/><\/figure>\n\n\n\n<p>La derni\u00e8re chose \u00e0 configurer sur cette page est le mode Production en activ\u00e9 ou d\u00e9sactiv\u00e9<\/p>\n\n\n\n<p>Cette option est pour les personnes ayant des panneaux photovolta\u00efques et un Linky en mode standard (Cette fonction est encore en cours de d\u00e9veloppement et j&#8217;attends des retours pour l&#8217;am\u00e9liorer)<\/p>\n\n\n\n<figure class=\"wp-block-image\"><img decoding=\"async\" src=\"https:\/\/miniprojets.net\/wp-content\/uploads\/2023\/10\/Configuration5.jpg\" alt=\"\"\/><\/figure>\n\n\n\n<p>Maintenant que tout est rempli et correctement configur\u00e9, vous pouvez cliquer sur Enregistrer les modifications<\/p>\n\n\n\n<figure class=\"wp-block-image\"><img decoding=\"async\" src=\"https:\/\/miniprojets.net\/wp-content\/uploads\/2023\/10\/Configuration6.jpg\" alt=\"\"\/><\/figure>\n\n\n\n<p>Vous devriez avoir un pop-up qui s&#8217;affiche<\/p>\n\n\n\n<figure class=\"wp-block-image\"><img decoding=\"async\" src=\"https:\/\/miniprojets.net\/wp-content\/uploads\/2023\/10\/Configuration7.jpg\" alt=\"\"\/><\/figure>\n\n\n\n<p>Cliquez sur OK et certaines fois vous devriez avoir aussi un fichier qui se t\u00e9l\u00e9charge (ce fichier sert \u00e0 checker les donn\u00e9es ins\u00e9r\u00e9e dans le Winky)<\/p>\n\n\n\n<figure class=\"wp-block-image\"><img decoding=\"async\" src=\"https:\/\/miniprojets.net\/wp-content\/uploads\/2023\/10\/Configuration8.jpg\" alt=\"\"\/><\/figure>\n\n\n\n<p>Normalement la page se recharge au bout de 5 secondes et vous aurez vos informations qui apparaiterons \u00e0 c\u00f4t\u00e9 de chaque Actuel:<\/p>\n\n\n\n<figure class=\"wp-block-image\"><img decoding=\"async\" src=\"https:\/\/miniprojets.net\/wp-content\/uploads\/2023\/10\/Configuration9.jpg\" alt=\"\"\/><\/figure>\n\n\n\n<p>Si cela est Ok, nous pouvons passer \u00e0 la page Configuration InfluxDB.<\/p>\n\n\n\n<p><strong>2 . Configuration Serveur InfluxDB2<\/strong><\/p>\n\n\n\n<p>Pour les personnes faisant partie de l&#8217;\u00e9tude XKY, normalement les informations sont d\u00e9j\u00e0 rentr\u00e9es<\/p>\n\n\n\n<figure class=\"wp-block-image\"><img decoding=\"async\" src=\"https:\/\/miniprojets.net\/wp-content\/uploads\/2023\/10\/Configuration12.jpg\" alt=\"\"\/><\/figure>\n\n\n\n<p>Pour les autres personnes voulant utiliser un InfluxDB2, il faudra mettre les informations suivantes:<\/p>\n\n\n\n<p>Active, L&#8217;URL de votre serveur InfluxDB2, le nom du bucket, le token associ\u00e9 \u00e0 celui-ci ainsi que l&#8217;organisation<\/p>\n\n\n\n<p>Une fois que tout cela est OK, vous pouvez Cliquer sur Enregistrer les modifications<\/p>\n\n\n\n<p>3. Configuration MQTT<\/p>\n\n\n\n<p>Pour les personnes de l&#8217;\u00e9tude XKY et les autres,&nbsp; j&#8217;ai rajout\u00e9 la possibilit\u00e9 de pouvoir envoyer aussi en parral\u00e8le du InfluxDB les donn\u00e9es vers un Broker MQTT. Pour l&#8217;instant, il n&#8217;est possible que d&#8217;utiliser un MQTT sur le port 1883.<\/p>\n\n\n\n<p>Le pr\u00e9fixe utilis\u00e9 pour publier les messages (winky\/#) afin d&#8217;affiner les ACLs du premier coup.<\/p>\n\n\n\n<figure class=\"wp-block-image\"><img decoding=\"async\" src=\"https:\/\/miniprojets.net\/wp-content\/uploads\/2023\/10\/Configuration14.jpg\" alt=\"\"\/><\/figure>\n\n\n\n<p><strong>&nbsp;&nbsp; 4. Configuration Avanc\u00e9es<\/strong><\/p>\n\n\n\n<figure class=\"wp-block-image\"><img decoding=\"async\" src=\"https:\/\/miniprojets.net\/wp-content\/uploads\/2023\/10\/Configuration16.jpg\" alt=\"\"\/><\/figure>\n\n\n\n<p>Cette page permettra d&#8217;acc\u00e9l\u00e9rer l&#8217;envoi des donn\u00e9es mais je recommande pour la premi\u00e8re phase de l&#8217;exp\u00e9rimentation de mettre les valeurs suivantes:<\/p>\n\n\n\n<p>Desactive, 15, 10 et Desactive<\/p>\n\n\n\n<p><\/p>\n","protected":false},"excerpt":{"rendered":"<p>Ce topic est l\u00e0 pour expliquer comment configurer votre Winky en modifiant ses variables internes. Partie 1 : Comment brancher&hellip;<\/p>\n","protected":false},"author":1,"featured_media":0,"parent":0,"menu_order":0,"comment_status":"closed","ping_status":"closed","template":"","meta":{"footnotes":""},"class_list":["post-4258","page","type-page","status-publish","hentry"],"_links":{"self":[{"href":"https:\/\/miniprojets.net\/index.php\/wp-json\/wp\/v2\/pages\/4258","targetHints":{"allow":["GET"]}}],"collection":[{"href":"https:\/\/miniprojets.net\/index.php\/wp-json\/wp\/v2\/pages"}],"about":[{"href":"https:\/\/miniprojets.net\/index.php\/wp-json\/wp\/v2\/types\/page"}],"author":[{"embeddable":true,"href":"https:\/\/miniprojets.net\/index.php\/wp-json\/wp\/v2\/users\/1"}],"replies":[{"embeddable":true,"href":"https:\/\/miniprojets.net\/index.php\/wp-json\/wp\/v2\/comments?post=4258"}],"version-history":[{"count":3,"href":"https:\/\/miniprojets.net\/index.php\/wp-json\/wp\/v2\/pages\/4258\/revisions"}],"predecessor-version":[{"id":4265,"href":"https:\/\/miniprojets.net\/index.php\/wp-json\/wp\/v2\/pages\/4258\/revisions\/4265"}],"wp:attachment":[{"href":"https:\/\/miniprojets.net\/index.php\/wp-json\/wp\/v2\/media?parent=4258"}],"curies":[{"name":"wp","href":"https:\/\/api.w.org\/{rel}","templated":true}]}}