{"id":4207,"date":"2025-05-08T21:49:18","date_gmt":"2025-05-08T19:49:18","guid":{"rendered":"https:\/\/miniprojets.net\/?page_id=4207"},"modified":"2025-06-07T21:45:06","modified_gmt":"2025-06-07T19:45:06","slug":"notice-de-montage","status":"publish","type":"page","link":"https:\/\/miniprojets.net\/index.php\/notice-de-montage\/","title":{"rendered":"Notice de montage du Winky ESP8266"},"content":{"rendered":"\n<p>Ce tutoriel est l\u00e0 pour montrer les \u00e9tapes de montage du circuit du Winky version ESP8266<\/p>\n\n\n\n<h3 class=\"wp-block-heading\">Partie 0: Identification des diff\u00e9rents circuits imprim\u00e9s<\/h3>\n\n\n\n<p>Sur la photo ci dessous les circuits sont nomm\u00e9s de gauche \u00e0 droite de la fa\u00e7on suivante: <\/p>\n\n\n\n<p>Corps circuit \u00e9nergie &#8211; Corps circuit d\u00e9codage &#8211; T\u00eate &#8211; Programmation  <\/p>\n\n\n\n<figure class=\"wp-block-image size-large\"><img loading=\"lazy\" decoding=\"async\" width=\"1024\" height=\"423\" src=\"https:\/\/miniprojets.net\/wp-content\/uploads\/2025\/05\/2025-05-23-08-11-55-026-1024x423.jpg\" alt=\"\" class=\"wp-image-4217\" srcset=\"https:\/\/miniprojets.net\/wp-content\/uploads\/2025\/05\/2025-05-23-08-11-55-026-1024x423.jpg 1024w, https:\/\/miniprojets.net\/wp-content\/uploads\/2025\/05\/2025-05-23-08-11-55-026-300x124.jpg 300w, https:\/\/miniprojets.net\/wp-content\/uploads\/2025\/05\/2025-05-23-08-11-55-026-768x318.jpg 768w, https:\/\/miniprojets.net\/wp-content\/uploads\/2025\/05\/2025-05-23-08-11-55-026-1536x635.jpg 1536w, https:\/\/miniprojets.net\/wp-content\/uploads\/2025\/05\/2025-05-23-08-11-55-026-2048x847.jpg 2048w\" sizes=\"auto, (max-width: 1024px) 100vw, 1024px\" \/><\/figure>\n\n\n\n<h3 class=\"wp-block-heading\">Partie 1: Montage du Corps circuit \u00e9nergie<\/h3>\n\n\n\n<p>Pour la premi\u00e8re \u00e9tape, nous devons souder le r\u00e9gulateur LDO 033CC0 de la fa\u00e7on suivante<\/p>\n\n\n\n<div class=\"wp-block-columns is-layout-flex wp-container-core-columns-is-layout-9d6595d7 wp-block-columns-is-layout-flex\">\n<div class=\"wp-block-column is-layout-flow wp-block-column-is-layout-flow\">\n<figure class=\"wp-block-image size-full\"><img loading=\"lazy\" decoding=\"async\" width=\"481\" height=\"442\" src=\"https:\/\/miniprojets.net\/wp-content\/uploads\/2025\/05\/image.png\" alt=\"\" class=\"wp-image-4218\" srcset=\"https:\/\/miniprojets.net\/wp-content\/uploads\/2025\/05\/image.png 481w, https:\/\/miniprojets.net\/wp-content\/uploads\/2025\/05\/image-300x276.png 300w\" sizes=\"auto, (max-width: 481px) 100vw, 481px\" \/><\/figure>\n<\/div>\n\n\n\n<div class=\"wp-block-column is-layout-flow wp-block-column-is-layout-flow\">\n<figure class=\"wp-block-image size-full\"><img loading=\"lazy\" decoding=\"async\" width=\"328\" height=\"379\" src=\"https:\/\/miniprojets.net\/wp-content\/uploads\/2025\/05\/image-1.png\" alt=\"\" class=\"wp-image-4219\" srcset=\"https:\/\/miniprojets.net\/wp-content\/uploads\/2025\/05\/image-1.png 328w, https:\/\/miniprojets.net\/wp-content\/uploads\/2025\/05\/image-1-260x300.png 260w\" sizes=\"auto, (max-width: 328px) 100vw, 328px\" \/><\/figure>\n<\/div>\n\n\n\n<div class=\"wp-block-column is-layout-flow wp-block-column-is-layout-flow\">\n<figure class=\"wp-block-image size-full\"><img loading=\"lazy\" decoding=\"async\" width=\"369\" height=\"435\" src=\"https:\/\/miniprojets.net\/wp-content\/uploads\/2025\/05\/image-2.png\" alt=\"\" class=\"wp-image-4220\" srcset=\"https:\/\/miniprojets.net\/wp-content\/uploads\/2025\/05\/image-2.png 369w, https:\/\/miniprojets.net\/wp-content\/uploads\/2025\/05\/image-2-254x300.png 254w\" sizes=\"auto, (max-width: 369px) 100vw, 369px\" \/><\/figure>\n<\/div>\n<\/div>\n\n\n\n<p>Puis il faut pr\u00e9parer et souder la r\u00e9sistance de 10ko de la fa\u00e7on suivante<\/p>\n\n\n\n<div class=\"wp-block-columns is-layout-flex wp-container-core-columns-is-layout-9d6595d7 wp-block-columns-is-layout-flex\">\n<div class=\"wp-block-column is-layout-flow wp-block-column-is-layout-flow\">\n<figure class=\"wp-block-image size-full\"><img loading=\"lazy\" decoding=\"async\" width=\"315\" height=\"298\" src=\"https:\/\/miniprojets.net\/wp-content\/uploads\/2025\/05\/image-3.png\" alt=\"\" class=\"wp-image-4221\" srcset=\"https:\/\/miniprojets.net\/wp-content\/uploads\/2025\/05\/image-3.png 315w, https:\/\/miniprojets.net\/wp-content\/uploads\/2025\/05\/image-3-300x284.png 300w\" sizes=\"auto, (max-width: 315px) 100vw, 315px\" \/><\/figure>\n<\/div>\n\n\n\n<div class=\"wp-block-column is-layout-flow wp-block-column-is-layout-flow\">\n<figure class=\"wp-block-image size-full is-resized\"><img loading=\"lazy\" decoding=\"async\" width=\"412\" height=\"425\" src=\"https:\/\/miniprojets.net\/wp-content\/uploads\/2025\/05\/image-4.png\" alt=\"\" class=\"wp-image-4222\" style=\"width:283px;height:auto\" srcset=\"https:\/\/miniprojets.net\/wp-content\/uploads\/2025\/05\/image-4.png 412w, https:\/\/miniprojets.net\/wp-content\/uploads\/2025\/05\/image-4-291x300.png 291w\" sizes=\"auto, (max-width: 412px) 100vw, 412px\" \/><\/figure>\n<\/div>\n<\/div>\n\n\n\n<p>Maintenant, nous pouvons souder la r\u00e9sistance de 100ko de la fa\u00e7on suivante<\/p>\n\n\n\n<figure class=\"wp-block-image size-full\"><img loading=\"lazy\" decoding=\"async\" width=\"452\" height=\"461\" src=\"https:\/\/miniprojets.net\/wp-content\/uploads\/2025\/05\/image-5.png\" alt=\"\" class=\"wp-image-4223\" srcset=\"https:\/\/miniprojets.net\/wp-content\/uploads\/2025\/05\/image-5.png 452w, https:\/\/miniprojets.net\/wp-content\/uploads\/2025\/05\/image-5-294x300.png 294w\" sizes=\"auto, (max-width: 452px) 100vw, 452px\" \/><\/figure>\n\n\n\n<p>Nous devons maintenant souder le connecteur femelle 2*4<\/p>\n\n\n\n<figure class=\"wp-block-image size-full\"><img loading=\"lazy\" decoding=\"async\" width=\"434\" height=\"463\" src=\"https:\/\/miniprojets.net\/wp-content\/uploads\/2025\/05\/image-6.png\" alt=\"\" class=\"wp-image-4224\" srcset=\"https:\/\/miniprojets.net\/wp-content\/uploads\/2025\/05\/image-6.png 434w, https:\/\/miniprojets.net\/wp-content\/uploads\/2025\/05\/image-6-281x300.png 281w\" sizes=\"auto, (max-width: 434px) 100vw, 434px\" \/><\/figure>\n\n\n\n<p>Maintenant c&#8217;est au tour du circuit de supervision KA75330 d&#8217;\u00eatre mis en place et soud\u00e9 de la fa\u00e7on suivante (la patte Input est en bas et la patte Output est en haut)<\/p>\n\n\n\n<figure class=\"wp-block-image size-full\"><img loading=\"lazy\" decoding=\"async\" width=\"376\" height=\"404\" src=\"https:\/\/miniprojets.net\/wp-content\/uploads\/2025\/05\/image-7.png\" alt=\"\" class=\"wp-image-4225\" srcset=\"https:\/\/miniprojets.net\/wp-content\/uploads\/2025\/05\/image-7.png 376w, https:\/\/miniprojets.net\/wp-content\/uploads\/2025\/05\/image-7-279x300.png 279w\" sizes=\"auto, (max-width: 376px) 100vw, 376px\" \/><\/figure>\n\n\n\n<p>Maintenant nous devons souder le transistor MOSFETs BS170 avec les pattes de la fa\u00e7on suivante (La patte Source en haut et la patte Drain en bas)<\/p>\n\n\n\n<figure class=\"wp-block-image size-full\"><img loading=\"lazy\" decoding=\"async\" width=\"320\" height=\"353\" src=\"https:\/\/miniprojets.net\/wp-content\/uploads\/2025\/06\/image.png\" alt=\"\" class=\"wp-image-4421\" srcset=\"https:\/\/miniprojets.net\/wp-content\/uploads\/2025\/06\/image.png 320w, https:\/\/miniprojets.net\/wp-content\/uploads\/2025\/06\/image-272x300.png 272w\" sizes=\"auto, (max-width: 320px) 100vw, 320px\" \/><\/figure>\n\n\n\n<p>Maintenant, nous soudons le condensateur 2,2\u00b5F sur la carte. Attention, la patte moins doit \u00eatre souder en bas sinon il y a risque d&#8217;\u00e9clatement du condensateur<\/p>\n\n\n\n<figure class=\"wp-block-image size-full\"><img loading=\"lazy\" decoding=\"async\" width=\"347\" height=\"401\" src=\"https:\/\/miniprojets.net\/wp-content\/uploads\/2025\/05\/image-8.png\" alt=\"\" class=\"wp-image-4226\" srcset=\"https:\/\/miniprojets.net\/wp-content\/uploads\/2025\/05\/image-8.png 347w, https:\/\/miniprojets.net\/wp-content\/uploads\/2025\/05\/image-8-260x300.png 260w\" sizes=\"auto, (max-width: 347px) 100vw, 347px\" \/><\/figure>\n\n\n\n<p>Maintenant, nous soudons le condensateur 3,3\u00b5F sur la carte. Attention, la patte moins doit \u00eatre souder \u00e0 droite sinon il y a risque d&#8217;\u00e9clatement du condensateur.<\/p>\n\n\n\n<figure class=\"wp-block-image size-full\"><img loading=\"lazy\" decoding=\"async\" width=\"360\" height=\"403\" src=\"https:\/\/miniprojets.net\/wp-content\/uploads\/2025\/05\/image-9.png\" alt=\"\" class=\"wp-image-4227\" srcset=\"https:\/\/miniprojets.net\/wp-content\/uploads\/2025\/05\/image-9.png 360w, https:\/\/miniprojets.net\/wp-content\/uploads\/2025\/05\/image-9-268x300.png 268w\" sizes=\"auto, (max-width: 360px) 100vw, 360px\" \/><\/figure>\n\n\n\n<p>Maintenant, nous soudons le supercondensateur de 1F sur la carte. Attention, la patte moins doit \u00eatre souder \u00e0 gauche sinon il y a risque d&#8217;\u00e9clatement du condensateur.<\/p>\n\n\n\n<figure class=\"wp-block-image size-full\"><img loading=\"lazy\" decoding=\"async\" width=\"381\" height=\"436\" src=\"https:\/\/miniprojets.net\/wp-content\/uploads\/2025\/05\/image-10.png\" alt=\"\" class=\"wp-image-4228\" srcset=\"https:\/\/miniprojets.net\/wp-content\/uploads\/2025\/05\/image-10.png 381w, https:\/\/miniprojets.net\/wp-content\/uploads\/2025\/05\/image-10-262x300.png 262w\" sizes=\"auto, (max-width: 381px) 100vw, 381px\" \/><\/figure>\n\n\n\n<p>Pour finir, nous soudons le connecteur qui va relier les 2 cartes du corps de la fa\u00e7on suivante<\/p>\n\n\n\n<div class=\"wp-block-columns is-layout-flex wp-container-core-columns-is-layout-9d6595d7 wp-block-columns-is-layout-flex\">\n<div class=\"wp-block-column is-layout-flow wp-block-column-is-layout-flow\">\n<figure class=\"wp-block-image size-full\"><img loading=\"lazy\" decoding=\"async\" width=\"499\" height=\"391\" src=\"https:\/\/miniprojets.net\/wp-content\/uploads\/2025\/05\/image-16.png\" alt=\"\" class=\"wp-image-4234\" srcset=\"https:\/\/miniprojets.net\/wp-content\/uploads\/2025\/05\/image-16.png 499w, https:\/\/miniprojets.net\/wp-content\/uploads\/2025\/05\/image-16-300x235.png 300w\" sizes=\"auto, (max-width: 499px) 100vw, 499px\" \/><\/figure>\n<\/div>\n\n\n\n<div class=\"wp-block-column is-layout-flow wp-block-column-is-layout-flow\">\n<figure class=\"wp-block-image size-full is-resized\"><img loading=\"lazy\" decoding=\"async\" width=\"477\" height=\"378\" src=\"https:\/\/miniprojets.net\/wp-content\/uploads\/2025\/05\/image-17.png\" alt=\"\" class=\"wp-image-4235\" style=\"width:645px;height:auto\" srcset=\"https:\/\/miniprojets.net\/wp-content\/uploads\/2025\/05\/image-17.png 477w, https:\/\/miniprojets.net\/wp-content\/uploads\/2025\/05\/image-17-300x238.png 300w\" sizes=\"auto, (max-width: 477px) 100vw, 477px\" \/><\/figure>\n<\/div>\n<\/div>\n\n\n\n<h3 class=\"wp-block-heading\">Partie 2: Montage du Corps circuit d\u00e9codage<\/h3>\n\n\n\n<p>Pour la premi\u00e8re \u00e9tape, nous devons souder les 4 diodes BAT48 avec de gauche \u00e0 droite la bague noire de chaque diode plac\u00e9e de la fa\u00e7on suivante: Haut &#8211; Droite &#8211; Haut -Bas<\/p>\n\n\n\n<figure class=\"wp-block-image size-full\"><img loading=\"lazy\" decoding=\"async\" width=\"310\" height=\"385\" src=\"https:\/\/miniprojets.net\/wp-content\/uploads\/2025\/05\/image-11.png\" alt=\"\" class=\"wp-image-4229\" srcset=\"https:\/\/miniprojets.net\/wp-content\/uploads\/2025\/05\/image-11.png 310w, https:\/\/miniprojets.net\/wp-content\/uploads\/2025\/05\/image-11-242x300.png 242w\" sizes=\"auto, (max-width: 310px) 100vw, 310px\" \/><\/figure>\n\n\n\n<p>Nous pouvons maintenant souder les 2 r\u00e9sistances 220o en haut et 3,3Ko en bas<\/p>\n\n\n\n<figure class=\"wp-block-image size-full\"><img loading=\"lazy\" decoding=\"async\" width=\"305\" height=\"445\" src=\"https:\/\/miniprojets.net\/wp-content\/uploads\/2025\/05\/image-12.png\" alt=\"\" class=\"wp-image-4230\" srcset=\"https:\/\/miniprojets.net\/wp-content\/uploads\/2025\/05\/image-12.png 305w, https:\/\/miniprojets.net\/wp-content\/uploads\/2025\/05\/image-12-206x300.png 206w\" sizes=\"auto, (max-width: 305px) 100vw, 305px\" \/><\/figure>\n\n\n\n<p>Nous pouvons souder l&#8217;octocoupleur avec la patte 1 (marqu\u00e9e par un point plac\u00e9e en haut \u00e0 droite)<\/p>\n\n\n\n<figure class=\"wp-block-image size-full\"><img loading=\"lazy\" decoding=\"async\" width=\"312\" height=\"443\" src=\"https:\/\/miniprojets.net\/wp-content\/uploads\/2025\/05\/image-13.png\" alt=\"\" class=\"wp-image-4231\" srcset=\"https:\/\/miniprojets.net\/wp-content\/uploads\/2025\/05\/image-13.png 312w, https:\/\/miniprojets.net\/wp-content\/uploads\/2025\/05\/image-13-211x300.png 211w\" sizes=\"auto, (max-width: 312px) 100vw, 312px\" \/><\/figure>\n\n\n\n<p>Nous pouvons maintenant souder le condensateur c\u00e9ramique de 100nF (le sens n&#8217;a pas d&#8217;importance)<\/p>\n\n\n\n<figure class=\"wp-block-image size-full\"><img loading=\"lazy\" decoding=\"async\" width=\"305\" height=\"419\" src=\"https:\/\/miniprojets.net\/wp-content\/uploads\/2025\/05\/image-14.png\" alt=\"\" class=\"wp-image-4232\" srcset=\"https:\/\/miniprojets.net\/wp-content\/uploads\/2025\/05\/image-14.png 305w, https:\/\/miniprojets.net\/wp-content\/uploads\/2025\/05\/image-14-218x300.png 218w\" sizes=\"auto, (max-width: 305px) 100vw, 305px\" \/><\/figure>\n\n\n\n<p>On soude ensuite le r\u00e9gulateur LDO MCP1702-5002E avec les pattes orient\u00e9es de la fa\u00e7on suivante (GND en haut et Vout en bas)<\/p>\n\n\n\n<figure class=\"wp-block-image size-full\"><img loading=\"lazy\" decoding=\"async\" width=\"320\" height=\"392\" src=\"https:\/\/miniprojets.net\/wp-content\/uploads\/2025\/05\/image-15.png\" alt=\"\" class=\"wp-image-4233\" srcset=\"https:\/\/miniprojets.net\/wp-content\/uploads\/2025\/05\/image-15.png 320w, https:\/\/miniprojets.net\/wp-content\/uploads\/2025\/05\/image-15-245x300.png 245w\" sizes=\"auto, (max-width: 320px) 100vw, 320px\" \/><\/figure>\n\n\n\n<div class=\"wp-block-columns is-layout-flex wp-container-core-columns-is-layout-9d6595d7 wp-block-columns-is-layout-flex\">\n<div class=\"wp-block-column is-layout-flow wp-block-column-is-layout-flow\">\n<figure class=\"wp-block-image size-full is-resized\"><img loading=\"lazy\" decoding=\"async\" width=\"184\" height=\"277\" src=\"https:\/\/miniprojets.net\/wp-content\/uploads\/2025\/05\/image-18.png\" alt=\"\" class=\"wp-image-4236\" style=\"width:242px;height:auto\"\/><\/figure>\n<\/div>\n\n\n\n<div class=\"wp-block-column is-layout-flow wp-block-column-is-layout-flow\">\n<figure class=\"wp-block-image size-full\"><img loading=\"lazy\" decoding=\"async\" width=\"279\" height=\"365\" src=\"https:\/\/miniprojets.net\/wp-content\/uploads\/2025\/05\/image-19.png\" alt=\"\" class=\"wp-image-4237\" srcset=\"https:\/\/miniprojets.net\/wp-content\/uploads\/2025\/05\/image-19.png 279w, https:\/\/miniprojets.net\/wp-content\/uploads\/2025\/05\/image-19-229x300.png 229w\" sizes=\"auto, (max-width: 279px) 100vw, 279px\" \/><\/figure>\n<\/div>\n\n\n\n<div class=\"wp-block-column is-layout-flow wp-block-column-is-layout-flow\">\n<figure class=\"wp-block-image size-full is-resized\"><img loading=\"lazy\" decoding=\"async\" width=\"262\" height=\"391\" src=\"https:\/\/miniprojets.net\/wp-content\/uploads\/2025\/05\/image-20.png\" alt=\"\" class=\"wp-image-4238\" style=\"width:239px;height:auto\" srcset=\"https:\/\/miniprojets.net\/wp-content\/uploads\/2025\/05\/image-20.png 262w, https:\/\/miniprojets.net\/wp-content\/uploads\/2025\/05\/image-20-201x300.png 201w\" sizes=\"auto, (max-width: 262px) 100vw, 262px\" \/><\/figure>\n<\/div>\n<\/div>\n\n\n\n<p>Normalement, nous obtenons le r\u00e9sultat suivant<\/p>\n\n\n\n<figure class=\"wp-block-image size-full\"><img loading=\"lazy\" decoding=\"async\" width=\"310\" height=\"408\" src=\"https:\/\/miniprojets.net\/wp-content\/uploads\/2025\/05\/image-21.png\" alt=\"\" class=\"wp-image-4239\" srcset=\"https:\/\/miniprojets.net\/wp-content\/uploads\/2025\/05\/image-21.png 310w, https:\/\/miniprojets.net\/wp-content\/uploads\/2025\/05\/image-21-228x300.png 228w\" sizes=\"auto, (max-width: 310px) 100vw, 310px\" \/><\/figure>\n\n\n\n<p>Il reste \u00e0 plier les pattes pour quelles se retrouve dans le prolongement de la carte.<\/p>\n\n\n\n<figure class=\"wp-block-image size-full\"><img loading=\"lazy\" decoding=\"async\" width=\"265\" height=\"471\" src=\"https:\/\/miniprojets.net\/wp-content\/uploads\/2025\/05\/image-22.png\" alt=\"\" class=\"wp-image-4240\" srcset=\"https:\/\/miniprojets.net\/wp-content\/uploads\/2025\/05\/image-22.png 265w, https:\/\/miniprojets.net\/wp-content\/uploads\/2025\/05\/image-22-169x300.png 169w\" sizes=\"auto, (max-width: 265px) 100vw, 265px\" \/><\/figure>\n\n\n\n<h3 class=\"wp-block-heading\">Partie 3: Assemblage des deux parties du corps<\/h3>\n\n\n\n<p>Maintenant, vous pouvez r\u00e9unir les deux parties du corps de la fa\u00e7on suivante<\/p>\n\n\n\n<div class=\"wp-block-columns is-layout-flex wp-container-core-columns-is-layout-9d6595d7 wp-block-columns-is-layout-flex\">\n<div class=\"wp-block-column is-layout-flow wp-block-column-is-layout-flow\" style=\"flex-basis:33.33%\">\n<figure class=\"wp-block-image size-full\"><img loading=\"lazy\" decoding=\"async\" width=\"362\" height=\"611\" src=\"https:\/\/miniprojets.net\/wp-content\/uploads\/2025\/05\/image-23.png\" alt=\"\" class=\"wp-image-4241\" srcset=\"https:\/\/miniprojets.net\/wp-content\/uploads\/2025\/05\/image-23.png 362w, https:\/\/miniprojets.net\/wp-content\/uploads\/2025\/05\/image-23-178x300.png 178w\" sizes=\"auto, (max-width: 362px) 100vw, 362px\" \/><\/figure>\n<\/div>\n\n\n\n<div class=\"wp-block-column is-layout-flow wp-block-column-is-layout-flow\" style=\"flex-basis:66.66%\">\n<figure class=\"wp-block-image size-full\"><img loading=\"lazy\" decoding=\"async\" width=\"730\" height=\"427\" src=\"https:\/\/miniprojets.net\/wp-content\/uploads\/2025\/05\/image-24.png\" alt=\"\" class=\"wp-image-4242\" srcset=\"https:\/\/miniprojets.net\/wp-content\/uploads\/2025\/05\/image-24.png 730w, https:\/\/miniprojets.net\/wp-content\/uploads\/2025\/05\/image-24-300x175.png 300w\" sizes=\"auto, (max-width: 730px) 100vw, 730px\" \/><\/figure>\n<\/div>\n<\/div>\n\n\n\n<p>Puis les souder ensemble<\/p>\n\n\n\n<figure class=\"wp-block-image size-full\"><img loading=\"lazy\" decoding=\"async\" width=\"306\" height=\"617\" src=\"https:\/\/miniprojets.net\/wp-content\/uploads\/2025\/05\/image-25.png\" alt=\"\" class=\"wp-image-4243\" srcset=\"https:\/\/miniprojets.net\/wp-content\/uploads\/2025\/05\/image-25.png 306w, https:\/\/miniprojets.net\/wp-content\/uploads\/2025\/05\/image-25-149x300.png 149w\" sizes=\"auto, (max-width: 306px) 100vw, 306px\" \/><\/figure>\n\n\n\n<h3 class=\"wp-block-heading\">Partie 4: Assemblage de la t\u00eate<\/h3>\n\n\n\n<p>Cette partie n\u00e9cessite d&#8217;avoir la puce ESP8266 <\/p>\n\n\n\n<figure class=\"wp-block-image size-full\"><img loading=\"lazy\" decoding=\"async\" width=\"332\" height=\"362\" src=\"https:\/\/miniprojets.net\/wp-content\/uploads\/2025\/05\/image-27.png\" alt=\"\" class=\"wp-image-4245\" srcset=\"https:\/\/miniprojets.net\/wp-content\/uploads\/2025\/05\/image-27.png 332w, https:\/\/miniprojets.net\/wp-content\/uploads\/2025\/05\/image-27-275x300.png 275w\" sizes=\"auto, (max-width: 332px) 100vw, 332px\" \/><\/figure>\n\n\n\n<p>Pour commencer, vous devez \u00e9tamer une premi\u00e8re pastille afin de placer correctement l&#8217;ESP8266 dessus<\/p>\n\n\n\n<div class=\"wp-block-columns is-layout-flex wp-container-core-columns-is-layout-9d6595d7 wp-block-columns-is-layout-flex\">\n<div class=\"wp-block-column is-layout-flow wp-block-column-is-layout-flow\">\n<figure class=\"wp-block-image size-full\"><img loading=\"lazy\" decoding=\"async\" width=\"340\" height=\"342\" src=\"https:\/\/miniprojets.net\/wp-content\/uploads\/2025\/05\/image-26.png\" alt=\"\" class=\"wp-image-4244\" srcset=\"https:\/\/miniprojets.net\/wp-content\/uploads\/2025\/05\/image-26.png 340w, https:\/\/miniprojets.net\/wp-content\/uploads\/2025\/05\/image-26-298x300.png 298w, https:\/\/miniprojets.net\/wp-content\/uploads\/2025\/05\/image-26-150x150.png 150w\" sizes=\"auto, (max-width: 340px) 100vw, 340px\" \/><\/figure>\n<\/div>\n\n\n\n<div class=\"wp-block-column is-layout-flow wp-block-column-is-layout-flow\">\n<figure class=\"wp-block-image size-full\"><img loading=\"lazy\" decoding=\"async\" width=\"525\" height=\"386\" src=\"https:\/\/miniprojets.net\/wp-content\/uploads\/2025\/05\/image-28.png\" alt=\"\" class=\"wp-image-4246\" srcset=\"https:\/\/miniprojets.net\/wp-content\/uploads\/2025\/05\/image-28.png 525w, https:\/\/miniprojets.net\/wp-content\/uploads\/2025\/05\/image-28-300x221.png 300w\" sizes=\"auto, (max-width: 525px) 100vw, 525px\" \/><\/figure>\n<\/div>\n<\/div>\n\n\n\n<p>Une fois que vous \u00eates satisfait du positionnement, il ne vous reste plus qu&#8217;\u00e0 souder les autres pattes en faisant le tour (Attention \u00e0 ne pas faire de court-circuit)<\/p>\n\n\n\n<figure class=\"wp-block-image size-full\"><img loading=\"lazy\" decoding=\"async\" width=\"583\" height=\"419\" src=\"https:\/\/miniprojets.net\/wp-content\/uploads\/2025\/05\/image-29.png\" alt=\"\" class=\"wp-image-4247\" srcset=\"https:\/\/miniprojets.net\/wp-content\/uploads\/2025\/05\/image-29.png 583w, https:\/\/miniprojets.net\/wp-content\/uploads\/2025\/05\/image-29-300x216.png 300w\" sizes=\"auto, (max-width: 583px) 100vw, 583px\" \/><\/figure>\n\n\n\n<p>Une fois l&#8217;Esp8266 soud\u00e9, vous pouvez maintenant mettre en place et souder la r\u00e9sistance de 100Ko de la fa\u00e7on suivante<\/p>\n\n\n\n<figure class=\"wp-block-image size-full\"><img loading=\"lazy\" decoding=\"async\" width=\"348\" height=\"355\" src=\"https:\/\/miniprojets.net\/wp-content\/uploads\/2025\/05\/image-30.png\" alt=\"\" class=\"wp-image-4248\" srcset=\"https:\/\/miniprojets.net\/wp-content\/uploads\/2025\/05\/image-30.png 348w, https:\/\/miniprojets.net\/wp-content\/uploads\/2025\/05\/image-30-294x300.png 294w\" sizes=\"auto, (max-width: 348px) 100vw, 348px\" \/><\/figure>\n\n\n\n<p>Puis placez et soudez le connecteur m\u00e2le 2*4<\/p>\n\n\n\n<div class=\"wp-block-columns is-layout-flex wp-container-core-columns-is-layout-9d6595d7 wp-block-columns-is-layout-flex\">\n<div class=\"wp-block-column is-layout-flow wp-block-column-is-layout-flow\">\n<figure class=\"wp-block-image size-full\"><img loading=\"lazy\" decoding=\"async\" width=\"352\" height=\"308\" src=\"https:\/\/miniprojets.net\/wp-content\/uploads\/2025\/05\/image-31.png\" alt=\"\" class=\"wp-image-4249\" srcset=\"https:\/\/miniprojets.net\/wp-content\/uploads\/2025\/05\/image-31.png 352w, https:\/\/miniprojets.net\/wp-content\/uploads\/2025\/05\/image-31-300x263.png 300w\" sizes=\"auto, (max-width: 352px) 100vw, 352px\" \/><\/figure>\n<\/div>\n\n\n\n<div class=\"wp-block-column is-layout-flow wp-block-column-is-layout-flow\">\n<figure class=\"wp-block-image size-full is-resized\"><img loading=\"lazy\" decoding=\"async\" width=\"277\" height=\"283\" src=\"https:\/\/miniprojets.net\/wp-content\/uploads\/2025\/05\/image-32.png\" alt=\"\" class=\"wp-image-4250\" style=\"width:299px;height:auto\"\/><\/figure>\n<\/div>\n<\/div>\n\n\n\n<h3 class=\"wp-block-heading\">Partie 5: Assemblage corps et t\u00eate <\/h3>\n\n\n\n<p>Maintenant que le corps et la t\u00eate du Winky sont compl\u00e8tement soud\u00e9s, vous pouvez les assembler de la fa\u00e7on suivante: <\/p>\n\n\n\n<div class=\"wp-block-columns is-layout-flex wp-container-core-columns-is-layout-9d6595d7 wp-block-columns-is-layout-flex\">\n<div class=\"wp-block-column is-layout-flow wp-block-column-is-layout-flow\">\n<figure class=\"wp-block-image size-full\"><img loading=\"lazy\" decoding=\"async\" width=\"283\" height=\"460\" src=\"https:\/\/miniprojets.net\/wp-content\/uploads\/2025\/05\/image-33.png\" alt=\"\" class=\"wp-image-4251\" srcset=\"https:\/\/miniprojets.net\/wp-content\/uploads\/2025\/05\/image-33.png 283w, https:\/\/miniprojets.net\/wp-content\/uploads\/2025\/05\/image-33-185x300.png 185w\" sizes=\"auto, (max-width: 283px) 100vw, 283px\" \/><\/figure>\n<\/div>\n\n\n\n<div class=\"wp-block-column is-layout-flow wp-block-column-is-layout-flow\">\n<figure class=\"wp-block-image size-full is-resized\"><img loading=\"lazy\" decoding=\"async\" width=\"357\" height=\"397\" src=\"https:\/\/miniprojets.net\/wp-content\/uploads\/2025\/05\/image-34.png\" alt=\"\" class=\"wp-image-4252\" style=\"width:409px;height:auto\" srcset=\"https:\/\/miniprojets.net\/wp-content\/uploads\/2025\/05\/image-34.png 357w, https:\/\/miniprojets.net\/wp-content\/uploads\/2025\/05\/image-34-270x300.png 270w\" sizes=\"auto, (max-width: 357px) 100vw, 357px\" \/><\/figure>\n<\/div>\n<\/div>\n\n\n\n<h3 class=\"wp-block-heading\">Partie 6: Assemblage de la passerelle de programmation<\/h3>\n\n\n\n<p>Pour cela, dans un premier temps, il faut mettre et souder un jumper de la fa\u00e7on suivante (vous pouvez r\u00e9cup\u00e9rer un reste de patte de composant<\/p>\n\n\n\n<figure class=\"wp-block-image size-full\"><img loading=\"lazy\" decoding=\"async\" width=\"237\" height=\"228\" src=\"https:\/\/miniprojets.net\/wp-content\/uploads\/2025\/05\/image-35.png\" alt=\"\" class=\"wp-image-4253\"\/><\/figure>\n\n\n\n<p>Maintenant, vous pouvez souder les 2 connecteurs femelles 2*4 en haut et 1*6 en bas<\/p>\n\n\n\n<figure class=\"wp-block-image size-full\"><img loading=\"lazy\" decoding=\"async\" width=\"248\" height=\"253\" src=\"https:\/\/miniprojets.net\/wp-content\/uploads\/2025\/05\/image-36.png\" alt=\"\" class=\"wp-image-4254\"\/><\/figure>\n\n\n\n<p>Puis il ne vous reste plus qu\u00e0 souder le bouton poussoir <\/p>\n\n\n\n<figure class=\"wp-block-image size-full\"><img loading=\"lazy\" decoding=\"async\" width=\"184\" height=\"205\" src=\"https:\/\/miniprojets.net\/wp-content\/uploads\/2025\/05\/image-37.png\" alt=\"\" class=\"wp-image-4255\"\/><\/figure>\n\n\n\n<p>Tadam! vous avez termin\u00e9 d&#8217;assembler votre kit Winky, <\/p>\n\n\n\n<p>Vous pouvez maintenant passer \u00e0 l&#8217;\u00e9tape de flashage de micrologiciel  puis \u00e0 sa programmation<\/p>\n\n\n\n<p>N&#8217;h\u00e9sitez pas \u00e0 me contacter si vous rencontrez des difficult\u00e9s<\/p>\n\n\n\n<p>J\u00e9r\u00f4me <\/p>\n","protected":false},"excerpt":{"rendered":"<p>Ce tutoriel est l\u00e0 pour montrer les \u00e9tapes de montage du circuit du Winky version ESP8266 Partie 0: Identification des&hellip;<\/p>\n","protected":false},"author":1,"featured_media":0,"parent":0,"menu_order":0,"comment_status":"closed","ping_status":"closed","template":"","meta":{"footnotes":""},"class_list":["post-4207","page","type-page","status-publish","hentry"],"_links":{"self":[{"href":"https:\/\/miniprojets.net\/index.php\/wp-json\/wp\/v2\/pages\/4207","targetHints":{"allow":["GET"]}}],"collection":[{"href":"https:\/\/miniprojets.net\/index.php\/wp-json\/wp\/v2\/pages"}],"about":[{"href":"https:\/\/miniprojets.net\/index.php\/wp-json\/wp\/v2\/types\/page"}],"author":[{"embeddable":true,"href":"https:\/\/miniprojets.net\/index.php\/wp-json\/wp\/v2\/users\/1"}],"replies":[{"embeddable":true,"href":"https:\/\/miniprojets.net\/index.php\/wp-json\/wp\/v2\/comments?post=4207"}],"version-history":[{"count":8,"href":"https:\/\/miniprojets.net\/index.php\/wp-json\/wp\/v2\/pages\/4207\/revisions"}],"predecessor-version":[{"id":4424,"href":"https:\/\/miniprojets.net\/index.php\/wp-json\/wp\/v2\/pages\/4207\/revisions\/4424"}],"wp:attachment":[{"href":"https:\/\/miniprojets.net\/index.php\/wp-json\/wp\/v2\/media?parent=4207"}],"curies":[{"name":"wp","href":"https:\/\/api.w.org\/{rel}","templated":true}]}}